{"id":1269,"date":"2024-09-01T18:39:14","date_gmt":"2024-09-01T18:39:14","guid":{"rendered":"https:\/\/ipcproperty.com\/?page_id=1269"},"modified":"2024-10-07T08:05:12","modified_gmt":"2024-10-07T08:05:12","slug":"trinh-thu-thao","status":"publish","type":"page","link":"https:\/\/ipcproperty.com\/vi\/trinh-thu-thao\/","title":{"rendered":"Tr\u1ecbnh Thu Th\u1ea3o"},"content":{"rendered":"<div data-elementor-type=\"wp-page\" data-elementor-id=\"1269\" class=\"elementor elementor-1269\">\n\t\t\t\t\t\t<section class=\"elementor-section elementor-top-section elementor-element elementor-element-a68a3bd elementor-section-boxed elementor-section-height-default elementor-section-height-default\" data-id=\"a68a3bd\" data-element_type=\"section\">\n\t\t\t\t\t\t<div class=\"elementor-container elementor-column-gap-default\">\n\t\t\t\t\t<div class=\"elementor-column elementor-col-100 elementor-top-column elementor-element elementor-element-2ae8c8f\" data-id=\"2ae8c8f\" data-element_type=\"column\">\n\t\t\t<div class=\"elementor-widget-wrap elementor-element-populated\">\n\t\t\t\t\t\t<div class=\"elementor-element elementor-element-5ad3fc3 elementor-widget elementor-widget-team-details\" data-id=\"5ad3fc3\" data-element_type=\"widget\" data-widget_type=\"team-details.default\">\n\t\t\t\t<div class=\"elementor-widget-container\">\n\t\t\t\r\n\r\n        <!-- team-details-area -->\r\n        <section class=\"team-details-area\">\r\n            <div class=\"container\">\r\n                <div class=\"row justify-content-center\">\r\n\r\n                                        <div class=\"col-lg-5 col-md-9\">\r\n                        <div class=\"team-details-thumb\">\r\n                            <img decoding=\"async\" src=\"https:\/\/ipcproperty.com\/wp-content\/uploads\/2024\/09\/z5782434381147_e859ae8f44f3015283bba1c194f394ab.jpg\" alt=\"\">\r\n                        <\/div>\r\n                    <\/div>\r\n                    \r\n                    <div class=\"col-lg-7\">\r\n                        <div class=\"team-details-content\">\r\n\r\n                                                        <span class=\"sub-title\">Founder<\/span>\r\n                            \r\n                                                        <h2 class=\"title\">Tr\u1ecbnh Thu Th\u1ea3o<\/h2>\r\n                            \r\n                            <div class=\"td-contact\">\r\n                                <ul class=\"list-wrap\">\r\n\r\n                                                                        <li><a href=\"mailto:thaott@ipcproperty.com\">thaott@ipcproperty.com<\/a><\/li>\r\n                                    \r\n                                                                        <li><a href=\"tel: 84 908 555 061\">+84 908 555 061<\/a><\/li>\r\n                                    \r\n                                <\/ul>\r\n                            <\/div>\r\n\r\n                            \r\n                            <p><span data-sheets-root=\"1\">Tr\u1ecbnh Thu Th\u1ea3o l\u00e0 m\u1ed9t chuy\u00ean gia ph\u00e1t tri\u1ec3n kinh doanh th\u00e0nh c\u00f4ng trong l\u0129nh v\u1ef1c b\u1ea5t \u0111\u1ed9ng s\u1ea3n, \u0111\u1eb7c bi\u1ec7t trong su\u1ed1t g\u1ea7n hai th\u1eadp k\u1ef7 \u1ea5n t\u01b0\u1ee3ng c\u1ee7a c\u00f4 t\u1ea1i Savills Vi\u1ec7t Nam. V\u1edbi vai tr\u00f2 l\u00e0 Gi\u00e1m \u0111\u1ed1c Ph\u00e1t tri\u1ec3n Kinh doanh, c\u00f4 Th\u1ea3o \u0111\u00e3 \u0111\u00f3ng vai tr\u00f2 quan tr\u1ecdng trong vi\u1ec7c m\u1edf r\u1ed9ng \u1ea3nh h\u01b0\u1edfng c\u1ee7a Savills t\u1ea1i th\u1ecb tr\u01b0\u1eddng t\u01b0 v\u1ea5n b\u1ea5t \u0111\u1ed9ng s\u1ea3n c\u1ea1nh tranh c\u1ee7a Vi\u1ec7t Nam. Nhi\u1ec7m v\u1ee5 c\u1ee7a c\u00f4 bao g\u1ed3m vi\u1ec7c x\u00e2y d\u1ef1ng c\u00e1c m\u1ed1i quan h\u1ec7 r\u1ed9ng r\u00e3i v\u00e0 chi\u1ebfn l\u01b0\u1ee3c v\u1edbi c\u00e1c nh\u00e0 ph\u00e1t tri\u1ec3n b\u1ea5t \u0111\u1ed9ng s\u1ea3n h\u00e0ng \u0111\u1ea7u trong khu v\u1ef1c. S\u1ef1 hi\u1ec3u bi\u1ebft s\u00e2u s\u1eafc v\u1ec1 \u0111\u1ed9ng l\u1ef1c th\u1ecb tr\u01b0\u1eddng \u0111\u00e3 gi\u00fap c\u00f4 x\u00e1c \u0111\u1ecbnh v\u00e0 n\u1eafm b\u1eaft c\u01a1 h\u1ed9i trong c\u1ea3 nh\u1eefng d\u1ef1 \u00e1n hi\u1ec7n t\u1ea1i v\u00e0 s\u1eafp t\u1edbi, n\u00e2ng cao danh m\u1ee5c \u0111\u1ea7u t\u01b0 v\u00e0 c\u00e1c d\u1ecbch v\u1ee5 kh\u00e1ch h\u00e0ng c\u1ee7a Savills.\n<br><br>\nChuy\u00ean m\u00f4n c\u1ee7a c\u00f4 trong vi\u1ec7c qu\u1ea3n l\u00fd c\u00e1c d\u1ef1 \u00e1n quy m\u00f4 l\u1edbn trong h\u1ea7u h\u1ebft c\u00e1c l\u0129nh v\u1ef1c b\u1ea5t \u0111\u1ed9ng s\u1ea3n \u0111\u01b0\u1ee3c b\u1ed5 sung b\u1edfi kh\u1ea3 n\u0103ng h\u1ee3p t\u00e1c ch\u1eb7t ch\u1ebd v\u1edbi c\u00e1c nh\u00e0 ph\u00e1t tri\u1ec3n, \u0111\u1ea3m b\u1ea3o r\u1eb1ng c\u00e1c nhu c\u1ea7u c\u1ee7a h\u1ecd \u0111\u01b0\u1ee3c \u0111\u00e1p \u1ee9ng trong su\u1ed1t v\u00f2ng \u0111\u1eddi c\u1ee7a d\u1ef1 \u00e1n. C\u00f4 Th\u1ea3o \u0111\u00e3 \u0111\u00f3ng vai tr\u00f2 quan tr\u1ecdng trong vi\u1ec7c qu\u1ea3n l\u00fd c\u00e1c chi\u1ebfn l\u01b0\u1ee3c ti\u1ebfp th\u1ecb v\u00e0 b\u00e1n h\u00e0ng trong c\u00e1c giai \u0111o\u1ea1n tr\u01b0\u1edbc khi ra m\u1eaft c\u1ee7a nh\u1eefng d\u1ef1 \u00e1n n\u00e0y, \u0111\u1ea3m b\u1ea3o c\u00e1c giao d\u1ecbch quan tr\u1ecdng v\u00e0 g\u00f3p ph\u1ea7n v\u00e0o s\u1ef1 th\u00e0nh c\u00f4ng t\u1ed5ng th\u1ec3 c\u1ee7a c\u00e1c d\u1ef1 \u00e1n c\u1ee7a Savills. Kh\u1ea3 n\u0103ng x\u00e2y d\u1ef1ng v\u00e0 duy tr\u00ec m\u1ed1i quan h\u1ec7 m\u1ea1nh m\u1ebd v\u1edbi c\u00e1c nh\u00e0 ph\u00e1t tri\u1ec3n, c\u00f9ng v\u1edbi t\u1ea7m nh\u00ecn chi\u1ebfn l\u01b0\u1ee3c v\u00e0 s\u1ef1 xu\u1ea5t s\u1eafc trong ho\u1ea1t \u0111\u1ed9ng c\u1ee7a c\u00f4, \u0111\u00e3 \u0111\u1ecbnh v\u1ecb c\u00f4 nh\u01b0 m\u1ed9t nh\u00e2n t\u1ed1 quan tr\u1ecdng trong vi\u1ec7c th\u00fac \u0111\u1ea9y d\u1ecbch v\u1ee5 M&amp;A b\u1ea5t \u0111\u1ed9ng s\u1ea3n t\u1ea1i C\u00f4ng ty B\u1ea5t \u0111\u1ed9ng s\u1ea3n Intercontinental (IPC Vietnam) <br \/><br \/>Her expertise in managing large-scale projects in almost real estate sectors is complemented by her ability to collaborate closely with developers, ensuring that their needs were met throughout the project lifecycle. Thao was instrumental in managing the marketing and sales strategies during the pre-launch phases of these projects, securing vital deals and contributing to the overall success of Savills' ventures. Her ability to build and maintain strong relationships with developers, coupled with her strategic vision and operational excellence, positioned her as a key player in driving real esate M&amp;A service in Intercontinental Property Co. (IPC Vietnam). <\/span><\/p>\r\n                                                        <div class=\"sine-img mt-40\">\r\n                               <img decoding=\"async\" src=\"https:\/\/ipcproperty.com\/wp-content\/uploads\/2023\/03\/sine.png\" class=\"sign\" alt=\"\">\r\n                            <\/div>\r\n                            \r\n                        <\/div>\r\n                    <\/div>\r\n                <\/div>\r\n            <\/div>\r\n        <\/section>\r\n        <!-- team-details-area-end -->\r\n\r\n\t\t\t<\/div>\n\t\t\t\t<\/div>\n\t\t\t\t\t<\/div>\n\t\t<\/div>\n\t\t\t\t\t<\/div>\n\t\t<\/section>\n\t\t\t\t<section class=\"elementor-section elementor-top-section elementor-element elementor-element-3b940be elementor-section-boxed elementor-section-height-default elementor-section-height-default\" data-id=\"3b940be\" data-element_type=\"section\">\n\t\t\t\t\t\t<div class=\"elementor-container elementor-column-gap-default\">\n\t\t\t\t\t<div class=\"elementor-column elementor-col-100 elementor-top-column elementor-element elementor-element-5d2c869\" data-id=\"5d2c869\" data-element_type=\"column\">\n\t\t\t<div class=\"elementor-widget-wrap elementor-element-populated\">\n\t\t\t\t\t\t<div class=\"elementor-element elementor-element-79bf003 elementor-widget elementor-widget-tp-heading\" data-id=\"79bf003\" data-element_type=\"widget\" data-widget_type=\"tp-heading.default\">\n\t\t\t\t<div class=\"elementor-widget-container\">\n\t\t\t\r\n\t\t\r\n            <div class=\"section-title\">\r\n\r\n                <span class=\"sub-title\">\u0110\u1ec3 l\u1ea1i y\u00eau c\u1ea7u<\/span>\r\n                <h2 class=\"title\">Li\u00ean h\u1ec7 v\u1edbi Th\u1ea3o<\/h2>\r\n                \r\n            <\/div>\r\n\r\n        \r\n        \t\t<\/div>\n\t\t\t\t<\/div>\n\t\t\t\t<div class=\"elementor-element elementor-element-d7532fe elementor-widget elementor-widget-shortcode\" data-id=\"d7532fe\" data-element_type=\"widget\" data-widget_type=\"shortcode.default\">\n\t\t\t\t<div class=\"elementor-widget-container\">\n\t\t\t\t\t<div class=\"elementor-shortcode\">\n<div class=\"wpcf7 no-js\" id=\"wpcf7-f708-o1\" lang=\"en-US\" dir=\"ltr\">\n<div class=\"screen-reader-response\"><p role=\"status\" aria-live=\"polite\" aria-atomic=\"true\"><\/p> <ul><\/ul><\/div>\n<form action=\"\/vi\/wp-json\/wp\/v2\/pages\/1269#wpcf7-f708-o1\" method=\"post\" class=\"wpcf7-form init\" aria-label=\"Contact form\" novalidate=\"novalidate\" data-status=\"init\" data-trp-original-action=\"\/vi\/wp-json\/wp\/v2\/pages\/1269#wpcf7-f708-o1\">\n<div style=\"display: none;\">\n<input type=\"hidden\" name=\"_wpcf7\" value=\"708\" \/>\n<input type=\"hidden\" name=\"_wpcf7_version\" value=\"5.9.7\" \/>\n<input type=\"hidden\" name=\"_wpcf7_locale\" value=\"en_US\" \/>\n<input type=\"hidden\" name=\"_wpcf7_unit_tag\" value=\"wpcf7-f708-o1\" \/>\n<input type=\"hidden\" name=\"_wpcf7_container_post\" value=\"0\" \/>\n<input type=\"hidden\" name=\"_wpcf7_posted_data_hash\" value=\"\" \/>\n<\/div>\n<div class=\"contact-form-wrap\">\n    <div class=\"row\">\n        <div class=\"col-md-6\">\n            <div class=\"form-grp\">\n                <span class=\"wpcf7-form-control-wrap\" data-name=\"your-name\"><input size=\"40\" maxlength=\"400\" class=\"wpcf7-form-control wpcf7-text wpcf7-validates-as-required\" aria-required=\"true\" aria-invalid=\"false\" placeholder=\"H\u1ecd T\u00ean\" value=\"\" type=\"text\" name=\"your-name\" \/><\/span>\n            <\/div>\n        <\/div>\n        <div class=\"col-md-6\">\n            <div class=\"form-grp\">\n                <span class=\"wpcf7-form-control-wrap\" data-name=\"your-email\"><input size=\"40\" maxlength=\"400\" class=\"wpcf7-form-control wpcf7-email wpcf7-validates-as-required wpcf7-text wpcf7-validates-as-email\" aria-required=\"true\" aria-invalid=\"false\" placeholder=\"Email\" value=\"\" type=\"email\" name=\"your-email\" \/><\/span>\n            <\/div>\n        <\/div>\n    <\/div>\n    <div class=\"form-grp\">\n        <span class=\"wpcf7-form-control-wrap\" data-name=\"your-message\"><textarea cols=\"40\" rows=\"10\" maxlength=\"2000\" class=\"wpcf7-form-control wpcf7-textarea\" aria-invalid=\"false\" placeholder=\"Y\u00eau C\u1ea7u\" name=\"your-message\"><\/textarea><\/span>\n    <\/div>\n    <div class=\"form-check\">\n        <input type=\"checkbox\" class=\"form-check-input\" id=\"checkbox\">\n        <label for=\"checkbox\">T\u00f4i \u0111\u1ed3ng \u00fd <span>\u0111i\u1ec1u kho\u1ea3n &amp; \u0111i\u1ec1u ki\u1ec7n<\/span> cho vi\u1ec7c x\u1eed l\u00fd d\u1eef li\u1ec7u c\u00e1 nh\u00e2n.<\/label>\n    <\/div>\n    <div class=\"form-submit\">\n        <input class=\"wpcf7-form-control wpcf7-submit has-spinner\" type=\"submit\" value=\"G\u1eedi\" \/>\n    <\/div>\n<\/div><div class=\"wpcf7-response-output\" aria-hidden=\"true\"><\/div>\n<input type=\"hidden\" name=\"trp-form-language\" value=\"vi\"\/><\/form>\n<\/div>\n<\/div>\n\t\t\t\t<\/div>\n\t\t\t\t<\/div>\n\t\t\t\t\t<\/div>\n\t\t<\/div>\n\t\t\t\t\t<\/div>\n\t\t<\/section>\n\t\t\t\t<\/div>","protected":false},"excerpt":{"rendered":"<p>Founder Trinh Thu Thao thaott@ipcproperty.com +84 908 555 061 Trinh Thu Thao is an accomplished business development expert with a strong focus on the real estate sector, particularly during her impressive tenure of over a decade at Savills Vietnam. As Head of Business Development, Thao was pivotal in expanding Savills&#8217; influence in Vietnam&#8217;s competitive real [&hellip;]<\/p>","protected":false},"author":0,"featured_media":0,"parent":0,"menu_order":0,"comment_status":"closed","ping_status":"closed","template":"elementor_header_footer","meta":{"_acf_changed":false,"footnotes":""},"class_list":["post-1269","page","type-page","status-publish","hentry"],"acf":[],"aioseo_notices":[],"_links":{"self":[{"href":"https:\/\/ipcproperty.com\/vi\/wp-json\/wp\/v2\/pages\/1269","targetHints":{"allow":["GET"]}}],"collection":[{"href":"https:\/\/ipcproperty.com\/vi\/wp-json\/wp\/v2\/pages"}],"about":[{"href":"https:\/\/ipcproperty.com\/vi\/wp-json\/wp\/v2\/types\/page"}],"replies":[{"embeddable":true,"href":"https:\/\/ipcproperty.com\/vi\/wp-json\/wp\/v2\/comments?post=1269"}],"version-history":[{"count":14,"href":"https:\/\/ipcproperty.com\/vi\/wp-json\/wp\/v2\/pages\/1269\/revisions"}],"predecessor-version":[{"id":2792,"href":"https:\/\/ipcproperty.com\/vi\/wp-json\/wp\/v2\/pages\/1269\/revisions\/2792"}],"wp:attachment":[{"href":"https:\/\/ipcproperty.com\/vi\/wp-json\/wp\/v2\/media?parent=1269"}],"curies":[{"name":"wp","href":"https:\/\/api.w.org\/{rel}","templated":true}]}}