{"id":1384,"date":"2024-09-13T07:30:09","date_gmt":"2024-09-13T07:30:09","guid":{"rendered":"https:\/\/ipcproperty.com\/?page_id=1384"},"modified":"2024-11-21T02:06:30","modified_gmt":"2024-11-21T02:06:30","slug":"le-nhat-quang-huan","status":"publish","type":"page","link":"https:\/\/ipcproperty.com\/vi\/le-nhat-quang-huan\/","title":{"rendered":"Le Nhat Quang Huan"},"content":{"rendered":"<div data-elementor-type=\"wp-page\" data-elementor-id=\"1384\" class=\"elementor elementor-1384\">\n\t\t\t\t\t\t<section class=\"elementor-section elementor-top-section elementor-element elementor-element-66d693b elementor-section-boxed elementor-section-height-default elementor-section-height-default\" data-id=\"66d693b\" data-element_type=\"section\">\n\t\t\t\t\t\t<div class=\"elementor-container elementor-column-gap-default\">\n\t\t\t\t\t<div class=\"elementor-column elementor-col-100 elementor-top-column elementor-element elementor-element-6496b93\" data-id=\"6496b93\" data-element_type=\"column\">\n\t\t\t<div class=\"elementor-widget-wrap elementor-element-populated\">\n\t\t\t\t\t\t<div class=\"elementor-element elementor-element-43c1048 elementor-widget elementor-widget-team-details\" data-id=\"43c1048\" data-element_type=\"widget\" data-widget_type=\"team-details.default\">\n\t\t\t\t<div class=\"elementor-widget-container\">\n\t\t\t\r\n\r\n        <!-- team-details-area -->\r\n        <section class=\"team-details-area\">\r\n            <div class=\"container\">\r\n                <div class=\"row justify-content-center\">\r\n\r\n                                        <div class=\"col-lg-5 col-md-9\">\r\n                        <div class=\"team-details-thumb\">\r\n                            <img decoding=\"async\" src=\"https:\/\/ipcproperty.com\/wp-content\/uploads\/2024\/09\/DSC00536-000.jpg\" alt=\"\">\r\n                        <\/div>\r\n                    <\/div>\r\n                    \r\n                    <div class=\"col-lg-7\">\r\n                        <div class=\"team-details-content\">\r\n\r\n                                                        <span class=\"sub-title\">Investment Analyst<\/span>\r\n                            \r\n                                                        <h2 class=\"title\">Le Nhat Quang Huan (Allen)<\/h2>\r\n                            \r\n                            <div class=\"td-contact\">\r\n                                <ul class=\"list-wrap\">\r\n\r\n                                    \r\n                                    \r\n                                <\/ul>\r\n                            <\/div>\r\n\r\n                            \r\n                            <p>Allen graduated from the University of Technology of HCMC, majoring in High-Quality Civil Engineering, and completed his Master of Business Administration program in Melbourne, Australia.<\/p><p><span data-sheets-root=\"1\">During his investment internship at Savills Vietnam, Allen developed a robust foundation in the real estate investment field. His responsibilities included evaluating real estate projects using financial models like Discounted Cash Flow (DCF) and Direct Capitalization, along with producing investment teasers for potential buy-side clients.\u00a0 This role honed his analytical skills and exposed him to the intricacies of facilitating contractual agreements between clients. These experiences directly translate to his current role as an Investment Analyst at Intercontinental Property. The analytical techniques and client management skills he developed at Savills have been instrumental in allowing him to assess market trends, identify lucrative opportunities, and structure investment strategies that align with his firm\u2019s objectives. His seamless transition from an intern to an analyst demonstrates his capability to adapt and thrive in the investment industry.<\/span><\/p>\r\n                                                        <div class=\"sine-img mt-40\">\r\n                               <img decoding=\"async\" src=\"https:\/\/ipcproperty.com\/wp-content\/uploads\/2023\/03\/sine.png\" class=\"sign\" alt=\"\">\r\n                            <\/div>\r\n                            \r\n                        <\/div>\r\n                    <\/div>\r\n                <\/div>\r\n            <\/div>\r\n        <\/section>\r\n        <!-- team-details-area-end -->\r\n\r\n\t\t\t<\/div>\n\t\t\t\t<\/div>\n\t\t\t\t\t<\/div>\n\t\t<\/div>\n\t\t\t\t\t<\/div>\n\t\t<\/section>\n\t\t\t\t<section class=\"elementor-section elementor-top-section elementor-element elementor-element-55e7d87 elementor-section-boxed elementor-section-height-default elementor-section-height-default\" data-id=\"55e7d87\" data-element_type=\"section\">\n\t\t\t\t\t\t<div class=\"elementor-container elementor-column-gap-default\">\n\t\t\t\t\t<div class=\"elementor-column elementor-col-100 elementor-top-column elementor-element elementor-element-ac1d390\" data-id=\"ac1d390\" data-element_type=\"column\">\n\t\t\t<div class=\"elementor-widget-wrap elementor-element-populated\">\n\t\t\t\t\t\t<div class=\"elementor-element elementor-element-3fb2f3a elementor-widget elementor-widget-text-editor\" data-id=\"3fb2f3a\" data-element_type=\"widget\" data-widget_type=\"text-editor.default\">\n\t\t\t\t<div class=\"elementor-widget-container\">\n\t\t\t\t\t\t\t<p>Th\u00eam m\u1ed9t \u0111o\u1ea1n v\u0103n b\u1ea3n \u1edf \u0111\u00e2y. Nh\u1ea5p v\u00e0o \u00f4 v\u0103n b\u1ea3n \u0111\u1ec3 t\u00f9y ch\u1ec9nh n\u1ed9i dung, phong c\u00e1ch ph\u00f4ng ch\u1eef v\u00e0 m\u00e0u s\u1eafc c\u1ee7a \u0111o\u1ea1n v\u0103n c\u1ee7a b\u1ea1n.<\/p>\t\t\t\t\t\t<\/div>\n\t\t\t\t<\/div>\n\t\t\t\t\t<\/div>\n\t\t<\/div>\n\t\t\t\t\t<\/div>\n\t\t<\/section>\n\t\t\t\t<\/div>","protected":false},"excerpt":{"rendered":"<p>Investment Analyst Le Nhat Quang Huan (Allen) Allen graduated from the University of Technology of HCMC, majoring in High-Quality Civil Engineering, and completed his Master of Business Administration program in Melbourne, Australia. During his investment internship at Savills Vietnam, Allen developed a robust foundation in the real estate investment field. His responsibilities included evaluating real [&hellip;]<\/p>","protected":false},"author":0,"featured_media":0,"parent":0,"menu_order":0,"comment_status":"closed","ping_status":"closed","template":"","meta":{"_acf_changed":false,"footnotes":""},"class_list":["post-1384","page","type-page","status-publish","hentry"],"acf":[],"aioseo_notices":[],"_links":{"self":[{"href":"https:\/\/ipcproperty.com\/vi\/wp-json\/wp\/v2\/pages\/1384","targetHints":{"allow":["GET"]}}],"collection":[{"href":"https:\/\/ipcproperty.com\/vi\/wp-json\/wp\/v2\/pages"}],"about":[{"href":"https:\/\/ipcproperty.com\/vi\/wp-json\/wp\/v2\/types\/page"}],"replies":[{"embeddable":true,"href":"https:\/\/ipcproperty.com\/vi\/wp-json\/wp\/v2\/comments?post=1384"}],"version-history":[{"count":16,"href":"https:\/\/ipcproperty.com\/vi\/wp-json\/wp\/v2\/pages\/1384\/revisions"}],"predecessor-version":[{"id":3329,"href":"https:\/\/ipcproperty.com\/vi\/wp-json\/wp\/v2\/pages\/1384\/revisions\/3329"}],"wp:attachment":[{"href":"https:\/\/ipcproperty.com\/vi\/wp-json\/wp\/v2\/media?parent=1384"}],"curies":[{"name":"wp","href":"https:\/\/api.w.org\/{rel}","templated":true}]}}