{"id":298,"date":"2023-03-03T12:17:47","date_gmt":"2023-03-03T12:17:47","guid":{"rendered":"https:\/\/themegenix.net\/reland\/?page_id=298"},"modified":"2024-11-14T03:41:55","modified_gmt":"2024-11-14T03:41:55","slug":"projects","status":"publish","type":"page","link":"https:\/\/ipcproperty.com\/vi\/projects\/","title":{"rendered":"D\u1ef1 \u00c1n"},"content":{"rendered":"<div data-elementor-type=\"wp-page\" data-elementor-id=\"298\" class=\"elementor elementor-298\">\n\t\t\t\t\t\t<section class=\"elementor-section elementor-top-section elementor-element elementor-element-806e7b8 elementor-section-full_width elementor-section-height-default elementor-section-height-default\" data-id=\"806e7b8\" data-element_type=\"section\">\n\t\t\t\t\t\t<div class=\"elementor-container elementor-column-gap-no\">\n\t\t\t\t\t<div class=\"elementor-column elementor-col-100 elementor-top-column elementor-element elementor-element-4af9b40\" data-id=\"4af9b40\" data-element_type=\"column\">\n\t\t\t<div class=\"elementor-widget-wrap elementor-element-populated\">\n\t\t\t\t\t\t<div class=\"elementor-element elementor-element-acc1e82 elementor-widget elementor-widget-project-grid\" data-id=\"acc1e82\" data-element_type=\"widget\" data-widget_type=\"project-grid.default\">\n\t\t\t\t<div class=\"elementor-widget-container\">\n\t\t\t\r\n        <!-- project-area -->\r\n        <section class=\"inner-project-area\">\r\n            <div class=\"container\">\r\n                                    <div class=\"project-top-meta mb-50\">\r\n                        <form action=\"#\" data-trp-original-action=\"#\">\r\n                            <div class=\"row\">\r\n                                <div class=\"col-xl-4\">\r\n                                    <div class=\"form-grp\">\r\n                                        <input type=\"text\" placeholder=\"T\u00ecm ki\u1ebfm\" id=\"project-search\">\r\n                                        <button type=\"submit\"><i class=\"fas fa-search\"><\/i><\/button>\r\n                                    <\/div>\r\n                                <\/div>\r\n                                <div class=\"col-xl-8\">\r\n                                    <div class=\"row\">\r\n                                        <div class=\"col-md-4 col-sm-6\">\r\n                                            <div class=\"form-grp select\">\r\n                                                <select id=\"project-status\" name=\"select\" class=\"form-select\" aria-label=\"Default select example\">\r\n                                                    <option value=\"\">T\u00ecnh tr\u1ea1ng<\/option>\r\n                                                                                                            <option value=\"under-construction\">\u0110ang x\u00e2y d\u1ef1ng<\/option>\r\n                                                                                                            <option value=\"operating\">\u0110ang v\u1eadn h\u00e0nh<\/option>\r\n                                                                                                            <option value=\"others\">Kh\u00e1c<\/option>\r\n                                                                                                    <\/select>\r\n                                            <\/div>\r\n                                        <\/div>\r\n                                        <div class=\"col-md-4 col-sm-6\">\r\n                                            <div class=\"form-grp select\">\r\n                                                <select id=\"project-type\" name=\"select\" class=\"form-select\" aria-label=\"Default select example\">\r\n                                                    <option value=\"\">Lo\u1ea1i d\u1ef1 \u00e1n<\/option>\r\n                                                                                                            <option value=\"residential\">Nh\u00e0 \u1edf<\/option>\r\n                                                                                                            <option value=\"office\">V\u0103n ph\u00f2ng<\/option>\r\n                                                                                                            <option value=\"retail\">B\u00e1n l\u1ebb<\/option>\r\n                                                                                                            <option value=\"serviced-apartment\">C\u0103n h\u1ed9 d\u1ecbch v\u1ee5<\/option>\r\n                                                                                                            <option value=\"hotel\">Khach s\u1ea1n<\/option>\r\n                                                                                                            <option value=\"commercial\">Th\u01b0\u01a1ng m\u1ea1i<\/option>\r\n                                                                                                            <option value=\"industrial\">7Industrial<\/option>\r\n                                                                                                            <option value=\"mixed-use\">Ph\u1ee9c h\u1ee3p<\/option>\r\n                                                                                                    <\/select>\r\n                                            <\/div>\r\n                                        <\/div>\r\n                                        <div class=\"col-md-4\">\r\n                                            <div class=\"form-grp select\">\r\n                                                <select id=\"project-location\" name=\"select\" class=\"form-select\" aria-label=\"Default select example\">\r\n                                                    <option value=\"\">Lo\u1ea1i th\u01b0\u01a1ng v\u1ee5<\/option>\r\n                                                                                                            <option value=\"selling\">B\u00e1n<\/option>\r\n                                                                                                            <option value=\"buying\">Mua<\/option>\r\n                                                                                                            <option value=\"investment\">R\u00f3t v\u1ed1n<\/option>\r\n                                                                                                            <option value=\"4capital-raising\">Huy \u0111\u1ed9ng v\u1ed1n<\/option>\r\n                                                                                                    <\/select>\r\n                                            <\/div>\r\n                                        <\/div>\r\n                                    <\/div>\r\n                                <\/div>\r\n                            <\/div>\r\n                        <input type=\"hidden\" name=\"trp-form-language\" value=\"vi\"\/><\/form>\r\n                    <\/div>\r\n                \r\n                <div class=\"project-item-wrap\">\r\n                    <div class=\"row\">\r\n                                                    <div class=\"col-lg-4 col-md-6\">\r\n                                <div class=\"project-item\">\r\n                                    <div class=\"project-thumb\">\r\n                                        <a href=\"https:\/\/ipcproperty.com\/vi\/project\/capital-funding-for-residential-project-s\/\">\r\n                                            <img fetchpriority=\"high\" decoding=\"async\" width=\"680\" height=\"499\" src=\"https:\/\/ipcproperty.com\/wp-content\/uploads\/2024\/10\/11duong-dong-khoi-tphcm-4098-1-9607-8318-1729072458-2.jpeg\" class=\"img-responsive wp-post-image\" alt=\"Tuy\u1ebfn \u0111\u01b0\u1eddng \u0110\u1ed3ng Kh\u1edfi, \u0111o\u1ea1n Nguy\u1ec5n Du \u0111\u1ebfn T\u00f4n \u0110\u1ee9c Th\u1eafng, t\u1eadp trung ph\u1ea7n l\u1edbn kh\u00e1ch s\u1ea1n t\u1eeb 3 \u0111\u1ebfn 5 sao c\u1ee7a TP HCM. \u1ea2nh: Nguy\u1ec5n Nam\" srcset=\"https:\/\/ipcproperty.com\/wp-content\/uploads\/2024\/10\/11duong-dong-khoi-tphcm-4098-1-9607-8318-1729072458-2.jpeg 680w, https:\/\/ipcproperty.com\/wp-content\/uploads\/2024\/10\/11duong-dong-khoi-tphcm-4098-1-9607-8318-1729072458-2-300x220.jpeg 300w, https:\/\/ipcproperty.com\/wp-content\/uploads\/2024\/10\/11duong-dong-khoi-tphcm-4098-1-9607-8318-1729072458-2-16x12.jpeg 16w\" sizes=\"(max-width: 680px) 100vw, 680px\" \/>                                        <\/a>\r\n                                    <\/div>\r\n                                    <div class=\"project-content\">\r\n                                        <h3 class=\"title\"><a href=\"https:\/\/ipcproperty.com\/vi\/project\/capital-funding-for-residential-project-s\/\">C\u1ea4P V\u1ed0N D\u1ef0 \u00c1N NH\u00c0 \u1ede S.<\/a><\/h3>\r\n\r\n                                                                                    <span>TP.HCM v\u00e0 c\u00e1c t\u1ec9nh l\u00e2n c\u1eadn<\/span>\r\n                                        \r\n                                    <\/div>\r\n                                <\/div>\r\n                            <\/div>\r\n\r\n                                                    <div class=\"col-lg-4 col-md-6\">\r\n                                <div class=\"project-item\">\r\n                                    <div class=\"project-thumb\">\r\n                                        <a href=\"https:\/\/ipcproperty.com\/vi\/project\/sourcing-residental-land-n\/\">\r\n                                            <img decoding=\"async\" width=\"908\" height=\"527\" src=\"https:\/\/ipcproperty.com\/wp-content\/uploads\/2024\/10\/NL-187490027_s.jpg\" class=\"img-responsive wp-post-image\" alt=\"\" srcset=\"https:\/\/ipcproperty.com\/wp-content\/uploads\/2024\/10\/NL-187490027_s.jpg 908w, https:\/\/ipcproperty.com\/wp-content\/uploads\/2024\/10\/NL-187490027_s-300x174.jpg 300w, https:\/\/ipcproperty.com\/wp-content\/uploads\/2024\/10\/NL-187490027_s-768x446.jpg 768w, https:\/\/ipcproperty.com\/wp-content\/uploads\/2024\/10\/NL-187490027_s-18x10.jpg 18w\" sizes=\"(max-width: 908px) 100vw, 908px\" \/>                                        <\/a>\r\n                                    <\/div>\r\n                                    <div class=\"project-content\">\r\n                                        <h3 class=\"title\"><a href=\"https:\/\/ipcproperty.com\/vi\/project\/sourcing-residental-land-n\/\">SOURCING RESIDENTAL LAND N.<\/a><\/h3>\r\n\r\n                                                                                    <span>HCMC, Ha Noi and other locations<\/span>\r\n                                        \r\n                                    <\/div>\r\n                                <\/div>\r\n                            <\/div>\r\n\r\n                                                    <div class=\"col-lg-4 col-md-6\">\r\n                                <div class=\"project-item\">\r\n                                    <div class=\"project-thumb\">\r\n                                        <a href=\"https:\/\/ipcproperty.com\/vi\/project\/sourcing-hotel-s\/\">\r\n                                            <img decoding=\"async\" width=\"612\" height=\"459\" src=\"https:\/\/ipcproperty.com\/wp-content\/uploads\/2024\/09\/3-star-hotel-istockphoto-1201291797-612x612-1.jpg\" class=\"img-responsive wp-post-image\" alt=\"\" srcset=\"https:\/\/ipcproperty.com\/wp-content\/uploads\/2024\/09\/3-star-hotel-istockphoto-1201291797-612x612-1.jpg 612w, https:\/\/ipcproperty.com\/wp-content\/uploads\/2024\/09\/3-star-hotel-istockphoto-1201291797-612x612-1-300x225.jpg 300w\" sizes=\"(max-width: 612px) 100vw, 612px\" \/>                                        <\/a>\r\n                                    <\/div>\r\n                                    <div class=\"project-content\">\r\n                                        <h3 class=\"title\"><a href=\"https:\/\/ipcproperty.com\/vi\/project\/sourcing-hotel-s\/\">SOURCING HOTEL 3* OR 4* S.<\/a><\/h3>\r\n\r\n                                                                                    <span>Tp. H\u1ed3 Ch\u00ed Minh v\u00e0 H\u00e0 N\u1ed9i<\/span>\r\n                                        \r\n                                    <\/div>\r\n                                <\/div>\r\n                            <\/div>\r\n\r\n                                                    <div class=\"col-lg-4 col-md-6\">\r\n                                <div class=\"project-item\">\r\n                                    <div class=\"project-thumb\">\r\n                                        <a href=\"https:\/\/ipcproperty.com\/vi\/project\/trade-center-dh\/\">\r\n                                            <img loading=\"lazy\" decoding=\"async\" width=\"1200\" height=\"600\" src=\"https:\/\/ipcproperty.com\/wp-content\/uploads\/2024\/09\/duong-hong-tttm.jpg\" class=\"img-responsive wp-post-image\" alt=\"\" srcset=\"https:\/\/ipcproperty.com\/wp-content\/uploads\/2024\/09\/duong-hong-tttm.jpg 1200w, https:\/\/ipcproperty.com\/wp-content\/uploads\/2024\/09\/duong-hong-tttm-300x150.jpg 300w, https:\/\/ipcproperty.com\/wp-content\/uploads\/2024\/09\/duong-hong-tttm-1024x512.jpg 1024w, https:\/\/ipcproperty.com\/wp-content\/uploads\/2024\/09\/duong-hong-tttm-768x384.jpg 768w\" sizes=\"(max-width: 1200px) 100vw, 1200px\" \/>                                        <\/a>\r\n                                    <\/div>\r\n                                    <div class=\"project-content\">\r\n                                        <h3 class=\"title\"><a href=\"https:\/\/ipcproperty.com\/vi\/project\/trade-center-dh\/\">TRUNG T\u00c2M TH\u01af\u01a0NG M\u1ea0I DH<\/a><\/h3>\r\n\r\n                                                                                    <span>X\u00e3 B\u00ecnh H\u01b0ng, Huy\u1ec7n B\u00ecnh Ch\u00e1nh, Tp. HCM<\/span>\r\n                                        \r\n                                    <\/div>\r\n                                <\/div>\r\n                            <\/div>\r\n\r\n                        \r\n                    <\/div>\r\n                <\/div>\r\n\r\n                <div class=\"pagination-wrap\">\r\n                    <nav class=\"project-pagination\" aria-label=\"Page navigation example\">\r\n                                            <\/nav>\r\n                <\/div>\r\n\r\n            <\/div>\r\n        <\/section>\r\n        <!-- project-area-end -->\r\n\r\n\t\t<\/div>\n\t\t\t\t<\/div>\n\t\t\t\t<div class=\"elementor-element elementor-element-f4e814d elementor-widget elementor-widget-html\" data-id=\"f4e814d\" data-element_type=\"widget\" data-widget_type=\"html.default\">\n\t\t\t\t<div class=\"elementor-widget-container\">\n\t\t\t<script>\n    jQuery(\".form-grp.select select option\").each(function() {\n    var text = jQuery(this).text();  \/\/ Get the text content\n    var newText = text.replace(\/^\\d+\\s*\/, '');  \/\/ Remove leading digits followed by any whitespace\n    jQuery(this).text(newText);  \/\/ Set the new text without the numbers\n});\n<\/script>\t\t<\/div>\n\t\t\t\t<\/div>\n\t\t\t\t\t<\/div>\n\t\t<\/div>\n\t\t\t\t\t<\/div>\n\t\t<\/section>\n\t\t\t\t<section class=\"elementor-section elementor-top-section elementor-element elementor-element-e8404ab elementor-section-boxed elementor-section-height-default elementor-section-height-default\" data-id=\"e8404ab\" data-element_type=\"section\">\n\t\t\t\t\t\t<div class=\"elementor-container elementor-column-gap-default\">\n\t\t\t\t\t<div class=\"elementor-column elementor-col-100 elementor-top-column elementor-element elementor-element-90c2a76\" data-id=\"90c2a76\" data-element_type=\"column\">\n\t\t\t<div class=\"elementor-widget-wrap elementor-element-populated\">\n\t\t\t\t\t\t<div class=\"elementor-element elementor-element-c303480 elementor-widget elementor-widget-html\" data-id=\"c303480\" data-element_type=\"widget\" data-widget_type=\"html.default\">\n\t\t\t\t<div class=\"elementor-widget-container\">\n\t\t\t<script>\n    document.addEventListener(\"DOMContentLoaded\", function() {\n    const projectTopMetaDiv = document.querySelector(\".project-top-meta\");\n    if (projectTopMetaDiv) {\n        projectTopMetaDiv.innerHTML += \"<p style='text-align:center'>Please contact us for more projects<\/p>\";\n    }\n});\n<\/script>\t\t<\/div>\n\t\t\t\t<\/div>\n\t\t\t\t\t<\/div>\n\t\t<\/div>\n\t\t\t\t\t<\/div>\n\t\t<\/section>\n\t\t\t\t<\/div>","protected":false},"excerpt":{"rendered":"<p>Project Status1Under Construction2Operating3Others Project Type1Residential2Office3Retail4Serviced Apartment5Hotel6Commercial7Industrial7Mixed Use Deal Type1Selling2Buying3Capital Funding4Capital Raising Capital Funding For Residential Project S. HCMC and surrounding provinces SOURCING RESIDENTAL LAND N HCMC, Ha Noi and other locations SOURCING HOTEL 3* OR 4* S. Ho Chi Minh City and Ha Noi TRADE CENTER DH Binh Hung Ward, Binh Chanh District, HCMC<\/p>","protected":false},"author":0,"featured_media":0,"parent":0,"menu_order":0,"comment_status":"closed","ping_status":"closed","template":"elementor_header_footer","meta":{"_acf_changed":false,"footnotes":""},"class_list":["post-298","page","type-page","status-publish","hentry"],"acf":[],"aioseo_notices":[],"_links":{"self":[{"href":"https:\/\/ipcproperty.com\/vi\/wp-json\/wp\/v2\/pages\/298","targetHints":{"allow":["GET"]}}],"collection":[{"href":"https:\/\/ipcproperty.com\/vi\/wp-json\/wp\/v2\/pages"}],"about":[{"href":"https:\/\/ipcproperty.com\/vi\/wp-json\/wp\/v2\/types\/page"}],"replies":[{"embeddable":true,"href":"https:\/\/ipcproperty.com\/vi\/wp-json\/wp\/v2\/comments?post=298"}],"version-history":[{"count":20,"href":"https:\/\/ipcproperty.com\/vi\/wp-json\/wp\/v2\/pages\/298\/revisions"}],"predecessor-version":[{"id":3053,"href":"https:\/\/ipcproperty.com\/vi\/wp-json\/wp\/v2\/pages\/298\/revisions\/3053"}],"wp:attachment":[{"href":"https:\/\/ipcproperty.com\/vi\/wp-json\/wp\/v2\/media?parent=298"}],"curies":[{"name":"wp","href":"https:\/\/api.w.org\/{rel}","templated":true}]}}